{"id":1175,"date":"2024-07-15T16:22:24","date_gmt":"2024-07-15T14:22:24","guid":{"rendered":"https:\/\/soffittoarquitectura.devserver.ovh\/el-despacho\/"},"modified":"2026-01-12T14:08:31","modified_gmt":"2026-01-12T13:08:31","slug":"el-despacho","status":"publish","type":"page","link":"https:\/\/ral64-arquitectura.really.ovh\/es\/el-despacho\/","title":{"rendered":"Estudio"},"content":{"rendered":"<div class=\"wpb-content-wrapper\"><!DOCTYPE html PUBLIC \"-\/\/W3C\/\/DTD HTML 4.0 Transitional\/\/EN\" \"http:\/\/www.w3.org\/TR\/REC-html40\/loose.dtd\">\n<html><body><p>[vc_section][vc_row][vc_column width=&raquo;2\/3&Prime;][vc_column_text css=&raquo;&raquo;]Somos un estudio que naci&oacute; fruto de la inquietud y la amistad forjada desde los a&ntilde;os 90 en la escuela de arquitectura. El n&uacute;cleo est&aacute; formado por tres profesionales con perfiles complementarios, procedentes de experiencias tanto del &aacute;mbito p&uacute;blico como del privado.<\/p>\n<p>Concebimos la arquitectura como la t&eacute;cnica de resolver los problemas derivados de la actividad humana, de la manera m&aacute;s elegante posible y de acuerdo con el cliente.<\/p>\n<p>Entendemos nuestra profesi&oacute;n como un trabajo en red, en el que nodos cualificados que se agrupan son capaces de resolver encargos complejos tanto para particulares como para empresas locales o internacionales.<\/p>\n<p>Nos sentimos profundamente conectados con el lugar del mundo en el que vivimos, a orillas del Mediterr&aacute;neo. Es aqu&iacute; donde todo comienza.<\/p>\n<p>&nbsp;<\/p>\n<p>La sociedad est&aacute; formada por:<\/p>\n<p><strong>roger Mayol Tarradelles<\/strong>, arquitecto.<br><strong>alejandro Garc&iacute;a Mu&ntilde;oz<\/strong>, arquitecto.<br><strong>llu&iacute;s Garc&iacute;a Gimenez<\/strong>, arquitecto t&eacute;cnico i arquitecte.<\/p>\n<p>Javier Bol&iacute;var, arquitecto t&eacute;cnico. Clara Riba, arquitecta t&eacute;cnica. Ramon Lozano, arquitecto t&eacute;cnico. Xavier Agut, arquitecto t&eacute;cnico. Carlos Victor Rodrigo, arquitecto t&eacute;cnico. Joan Pera, top&oacute;grafo. Narc&iacute;s Valls, top&oacute;grafo. Efr&eacute;n Radigales, arquitecto t&eacute;cnico e ingeniero de procesos industriales. Ernest Cuadrado, ingeniero industrial. Samuel Romero, ingeniero industrial. Xavier Armentano, ingeniero de obras p&uacute;blicas. S&ograve;nia G&oacute;mez, arquitecta. Georgina Pericot, interiorista. Patricia Pratmars&oacute;, interiorista. Mar Pirretas, interiorista. Cristina Pirretas, interiorista. Manel Tom&agrave;s, delineante de instalaciones. Federico Tissera, delineante. Bilal Elbherdadhi, delineante. Joan Mart&iacute;n, delineante. Montse P&eacute;rez, visualizaci&oacute;n 3D. Rub&eacute;n Escofet, visualizaci&oacute;n 3D. Albert Bernad&iacute;, abogado. Maurici P&eacute;rez, abogado.[\/vc_column_text][\/vc_column][vc_column width=&raquo;1\/3&Prime;][vc_single_image image=&raquo;2199&Prime; img_size=&raquo;full&raquo; css=&raquo;&raquo;][\/vc_column][\/vc_row][\/vc_section]<\/p>\n<\/body><\/html>\n<\/div>","protected":false},"excerpt":{"rendered":"[vc_section][vc_row][vc_column width=&raquo;2\/3&Prime;][vc_column_text css=&raquo;&raquo;]Somos un estudio que naci&oacute; fruto de la inquietud y la amistad forjada desde los a&ntilde;os 90 en la escuela de arquitectura. El n&uacute;cleo est&aacute; formado por tres profesionales con perfiles complementarios, procedentes de experiencias tanto del &aacute;mbito p&uacute;blico como del privado. Concebimos la arquitectura como la t&eacute;cnica de resolver los problemas derivados&#8230; <p><a class=\"view-article btn btn-secondary\" href=\"https:\/\/ral64-arquitectura.really.ovh\/es\/el-despacho\/\" role=\"button\">Leer m\u00e1s <\/a><\/p>","protected":false},"author":1,"featured_media":2368,"parent":0,"menu_order":0,"comment_status":"closed","ping_status":"closed","template":"","meta":{"_acf_changed":false,"inline_featured_image":false,"footnotes":""},"class_list":["post-1175","page","type-page","status-publish","has-post-thumbnail","hentry"],"acf":[],"yoast_head":"<!-- This site is optimized with the Yoast SEO plugin v26.7 - https:\/\/yoast.com\/wordpress\/plugins\/seo\/ -->\n<title>Estudio | ral64 arquitectura<\/title>\n<meta name=\"description\" content=\"El estudio de arquitectura ral64 est\u00e1 formado por Roger Mayol Tarradelles, Alejandro Garc\u00eda Mu\u00f1oz y Llu\u00eds Garc\u00eda Gimenez, arquitectos.\" \/>\n<meta name=\"robots\" content=\"noindex, follow, max-snippet:-1, max-image-preview:large, max-video-preview:-1\" \/>\n<meta property=\"og:locale\" content=\"es_ES\" \/>\n<meta property=\"og:type\" content=\"article\" \/>\n<meta property=\"og:title\" content=\"Estudio | ral64 arquitectura\" \/>\n<meta property=\"og:description\" content=\"El estudio de arquitectura ral64 est\u00e1 formado por Roger Mayol Tarradelles, Alejandro Garc\u00eda Mu\u00f1oz y Llu\u00eds Garc\u00eda Gimenez, arquitectos.\" \/>\n<meta property=\"og:url\" content=\"https:\/\/ral64-arquitectura.really.ovh\/es\/el-despacho\/\" \/>\n<meta property=\"og:site_name\" content=\"ral64 arquitectura\" \/>\n<meta property=\"article:modified_time\" content=\"2026-01-12T13:08:31+00:00\" \/>\n<meta property=\"og:image\" content=\"https:\/\/ral64-arquitectura.really.ovh\/wp-content\/uploads\/2026\/01\/Despatx-Ral-64-Aqruitectura-2.webp\" \/>\n\t<meta property=\"og:image:width\" content=\"1170\" \/>\n\t<meta property=\"og:image:height\" content=\"750\" \/>\n\t<meta property=\"og:image:type\" content=\"image\/webp\" \/>\n<meta name=\"twitter:card\" content=\"summary_large_image\" \/>\n<meta name=\"twitter:label1\" content=\"Tiempo de lectura\" \/>\n\t<meta name=\"twitter:data1\" content=\"2 minutos\" \/>\n<script type=\"application\/ld+json\" class=\"yoast-schema-graph\">{\"@context\":\"https:\/\/schema.org\",\"@graph\":[{\"@type\":\"WebPage\",\"@id\":\"https:\/\/ral64-arquitectura.really.ovh\/es\/el-despacho\/\",\"url\":\"https:\/\/ral64-arquitectura.really.ovh\/es\/el-despacho\/\",\"name\":\"Estudio | ral64 arquitectura\",\"isPartOf\":{\"@id\":\"https:\/\/ral64-arquitectura.really.ovh\/es\/#website\"},\"primaryImageOfPage\":{\"@id\":\"https:\/\/ral64-arquitectura.really.ovh\/es\/el-despacho\/#primaryimage\"},\"image\":{\"@id\":\"https:\/\/ral64-arquitectura.really.ovh\/es\/el-despacho\/#primaryimage\"},\"thumbnailUrl\":\"https:\/\/ral64-arquitectura.really.ovh\/wp-content\/uploads\/2026\/01\/Despatx-Ral-64-Aqruitectura-2.webp\",\"datePublished\":\"2024-07-15T14:22:24+00:00\",\"dateModified\":\"2026-01-12T13:08:31+00:00\",\"description\":\"El estudio de arquitectura ral64 est\u00e1 formado por Roger Mayol Tarradelles, Alejandro Garc\u00eda Mu\u00f1oz y Llu\u00eds Garc\u00eda Gimenez, arquitectos.\",\"breadcrumb\":{\"@id\":\"https:\/\/ral64-arquitectura.really.ovh\/es\/el-despacho\/#breadcrumb\"},\"inLanguage\":\"es\",\"potentialAction\":[{\"@type\":\"ReadAction\",\"target\":[\"https:\/\/ral64-arquitectura.really.ovh\/es\/el-despacho\/\"]}]},{\"@type\":\"ImageObject\",\"inLanguage\":\"es\",\"@id\":\"https:\/\/ral64-arquitectura.really.ovh\/es\/el-despacho\/#primaryimage\",\"url\":\"https:\/\/ral64-arquitectura.really.ovh\/wp-content\/uploads\/2026\/01\/Despatx-Ral-64-Aqruitectura-2.webp\",\"contentUrl\":\"https:\/\/ral64-arquitectura.really.ovh\/wp-content\/uploads\/2026\/01\/Despatx-Ral-64-Aqruitectura-2.webp\",\"width\":1170,\"height\":750,\"caption\":\"Despatx Ral 64 Aqruitectura, ral64 arquitectura i urbanisme\"},{\"@type\":\"BreadcrumbList\",\"@id\":\"https:\/\/ral64-arquitectura.really.ovh\/es\/el-despacho\/#breadcrumb\",\"itemListElement\":[{\"@type\":\"ListItem\",\"position\":1,\"name\":\"Home\",\"item\":\"https:\/\/ral64-arquitectura.really.ovh\/es\/\"},{\"@type\":\"ListItem\",\"position\":2,\"name\":\"Estudio\"}]},{\"@type\":\"WebSite\",\"@id\":\"https:\/\/ral64-arquitectura.really.ovh\/es\/#website\",\"url\":\"https:\/\/ral64-arquitectura.really.ovh\/es\/\",\"name\":\"ral64 arquitectura\",\"description\":\"ral64 \",\"potentialAction\":[{\"@type\":\"SearchAction\",\"target\":{\"@type\":\"EntryPoint\",\"urlTemplate\":\"https:\/\/ral64-arquitectura.really.ovh\/es\/?s={search_term_string}\"},\"query-input\":{\"@type\":\"PropertyValueSpecification\",\"valueRequired\":true,\"valueName\":\"search_term_string\"}}],\"inLanguage\":\"es\"}]}<\/script>\n<!-- \/ Yoast SEO plugin. -->","yoast_head_json":{"title":"Estudio | ral64 arquitectura","description":"El estudio de arquitectura ral64 est\u00e1 formado por Roger Mayol Tarradelles, Alejandro Garc\u00eda Mu\u00f1oz y Llu\u00eds Garc\u00eda Gimenez, arquitectos.","robots":{"index":"noindex","follow":"follow","max-snippet":"max-snippet:-1","max-image-preview":"max-image-preview:large","max-video-preview":"max-video-preview:-1"},"og_locale":"es_ES","og_type":"article","og_title":"Estudio | ral64 arquitectura","og_description":"El estudio de arquitectura ral64 est\u00e1 formado por Roger Mayol Tarradelles, Alejandro Garc\u00eda Mu\u00f1oz y Llu\u00eds Garc\u00eda Gimenez, arquitectos.","og_url":"https:\/\/ral64-arquitectura.really.ovh\/es\/el-despacho\/","og_site_name":"ral64 arquitectura","article_modified_time":"2026-01-12T13:08:31+00:00","og_image":[{"width":1170,"height":750,"url":"https:\/\/ral64-arquitectura.really.ovh\/wp-content\/uploads\/2026\/01\/Despatx-Ral-64-Aqruitectura-2.webp","type":"image\/webp"}],"twitter_card":"summary_large_image","twitter_misc":{"Tiempo de lectura":"2 minutos"},"schema":{"@context":"https:\/\/schema.org","@graph":[{"@type":"WebPage","@id":"https:\/\/ral64-arquitectura.really.ovh\/es\/el-despacho\/","url":"https:\/\/ral64-arquitectura.really.ovh\/es\/el-despacho\/","name":"Estudio | ral64 arquitectura","isPartOf":{"@id":"https:\/\/ral64-arquitectura.really.ovh\/es\/#website"},"primaryImageOfPage":{"@id":"https:\/\/ral64-arquitectura.really.ovh\/es\/el-despacho\/#primaryimage"},"image":{"@id":"https:\/\/ral64-arquitectura.really.ovh\/es\/el-despacho\/#primaryimage"},"thumbnailUrl":"https:\/\/ral64-arquitectura.really.ovh\/wp-content\/uploads\/2026\/01\/Despatx-Ral-64-Aqruitectura-2.webp","datePublished":"2024-07-15T14:22:24+00:00","dateModified":"2026-01-12T13:08:31+00:00","description":"El estudio de arquitectura ral64 est\u00e1 formado por Roger Mayol Tarradelles, Alejandro Garc\u00eda Mu\u00f1oz y Llu\u00eds Garc\u00eda Gimenez, arquitectos.","breadcrumb":{"@id":"https:\/\/ral64-arquitectura.really.ovh\/es\/el-despacho\/#breadcrumb"},"inLanguage":"es","potentialAction":[{"@type":"ReadAction","target":["https:\/\/ral64-arquitectura.really.ovh\/es\/el-despacho\/"]}]},{"@type":"ImageObject","inLanguage":"es","@id":"https:\/\/ral64-arquitectura.really.ovh\/es\/el-despacho\/#primaryimage","url":"https:\/\/ral64-arquitectura.really.ovh\/wp-content\/uploads\/2026\/01\/Despatx-Ral-64-Aqruitectura-2.webp","contentUrl":"https:\/\/ral64-arquitectura.really.ovh\/wp-content\/uploads\/2026\/01\/Despatx-Ral-64-Aqruitectura-2.webp","width":1170,"height":750,"caption":"Despatx Ral 64 Aqruitectura, ral64 arquitectura i urbanisme"},{"@type":"BreadcrumbList","@id":"https:\/\/ral64-arquitectura.really.ovh\/es\/el-despacho\/#breadcrumb","itemListElement":[{"@type":"ListItem","position":1,"name":"Home","item":"https:\/\/ral64-arquitectura.really.ovh\/es\/"},{"@type":"ListItem","position":2,"name":"Estudio"}]},{"@type":"WebSite","@id":"https:\/\/ral64-arquitectura.really.ovh\/es\/#website","url":"https:\/\/ral64-arquitectura.really.ovh\/es\/","name":"ral64 arquitectura","description":"ral64 ","potentialAction":[{"@type":"SearchAction","target":{"@type":"EntryPoint","urlTemplate":"https:\/\/ral64-arquitectura.really.ovh\/es\/?s={search_term_string}"},"query-input":{"@type":"PropertyValueSpecification","valueRequired":true,"valueName":"search_term_string"}}],"inLanguage":"es"}]}},"_links":{"self":[{"href":"https:\/\/ral64-arquitectura.really.ovh\/es\/wp-json\/wp\/v2\/pages\/1175","targetHints":{"allow":["GET"]}}],"collection":[{"href":"https:\/\/ral64-arquitectura.really.ovh\/es\/wp-json\/wp\/v2\/pages"}],"about":[{"href":"https:\/\/ral64-arquitectura.really.ovh\/es\/wp-json\/wp\/v2\/types\/page"}],"author":[{"embeddable":true,"href":"https:\/\/ral64-arquitectura.really.ovh\/es\/wp-json\/wp\/v2\/users\/1"}],"replies":[{"embeddable":true,"href":"https:\/\/ral64-arquitectura.really.ovh\/es\/wp-json\/wp\/v2\/comments?post=1175"}],"version-history":[{"count":0,"href":"https:\/\/ral64-arquitectura.really.ovh\/es\/wp-json\/wp\/v2\/pages\/1175\/revisions"}],"wp:featuredmedia":[{"embeddable":true,"href":"https:\/\/ral64-arquitectura.really.ovh\/es\/wp-json\/wp\/v2\/media\/2368"}],"wp:attachment":[{"href":"https:\/\/ral64-arquitectura.really.ovh\/es\/wp-json\/wp\/v2\/media?parent=1175"}],"curies":[{"name":"wp","href":"https:\/\/api.w.org\/{rel}","templated":true}]}}